{"id":1207,"date":"2020-10-20T17:38:53","date_gmt":"2020-10-20T20:38:53","guid":{"rendered":"https:\/\/www.grafas.org\/demo01\/?page_id=1051"},"modified":"2023-08-04T19:50:52","modified_gmt":"2023-08-04T22:50:52","slug":"neurocoaching","status":"publish","type":"page","link":"https:\/\/luminacoach.com.br\/es\/neurocoaching\/","title":{"rendered":"Neurocoaching"},"content":{"rendered":"<div data-elementor-type=\"wp-page\" data-elementor-id=\"1207\" class=\"elementor elementor-1207\">\n\t\t\t\t\t\t<section class=\"elementor-section elementor-top-section elementor-element elementor-element-8828dd8 elementor-section-height-min-height elementor-section-items-bottom elementor-section-boxed elementor-section-height-default\" data-id=\"8828dd8\" data-element_type=\"section\" data-settings=\"{&quot;background_background&quot;:&quot;classic&quot;}\">\n\t\t\t\t\t\t\t<div class=\"elementor-background-overlay\"><\/div>\n\t\t\t\t\t\t\t<div class=\"elementor-container elementor-column-gap-default\">\n\t\t\t\t\t<div class=\"elementor-column elementor-col-100 elementor-top-column elementor-element elementor-element-6d43801\" data-id=\"6d43801\" data-element_type=\"column\">\n\t\t\t<div class=\"elementor-widget-wrap elementor-element-populated\">\n\t\t\t\t\t\t<div class=\"elementor-element elementor-element-31c8d6d elementor-widget elementor-widget-heading\" data-id=\"31c8d6d\" data-element_type=\"widget\" data-widget_type=\"heading.default\">\n\t\t\t\t<div class=\"elementor-widget-container\">\n\t\t\t\t\t<h1 class=\"elementor-heading-title elementor-size-default\">Neurocoaching<\/h1>\t\t\t\t<\/div>\n\t\t\t\t<\/div>\n\t\t\t\t<div class=\"elementor-element elementor-element-9a9b4e4 elementor-hidden-phone elementor-widget elementor-widget-spacer\" data-id=\"9a9b4e4\" data-element_type=\"widget\" data-widget_type=\"spacer.default\">\n\t\t\t\t<div class=\"elementor-widget-container\">\n\t\t\t\t\t\t\t<div class=\"elementor-spacer\">\n\t\t\t<div class=\"elementor-spacer-inner\"><\/div>\n\t\t<\/div>\n\t\t\t\t\t\t<\/div>\n\t\t\t\t<\/div>\n\t\t\t\t\t<\/div>\n\t\t<\/div>\n\t\t\t\t\t<\/div>\n\t\t<\/section>\n\t\t\t\t<section class=\"elementor-section elementor-top-section elementor-element elementor-element-d076b54 elementor-section-boxed elementor-section-height-default elementor-section-height-default\" data-id=\"d076b54\" data-element_type=\"section\">\n\t\t\t\t\t\t<div class=\"elementor-container elementor-column-gap-default\">\n\t\t\t\t\t<div class=\"elementor-column elementor-col-50 elementor-top-column elementor-element elementor-element-ef1a4e9\" data-id=\"ef1a4e9\" data-element_type=\"column\">\n\t\t\t<div class=\"elementor-widget-wrap elementor-element-populated\">\n\t\t\t\t\t\t<div class=\"elementor-element elementor-element-81a5251 elementor-widget elementor-widget-heading\" data-id=\"81a5251\" data-element_type=\"widget\" data-widget_type=\"heading.default\">\n\t\t\t\t<div class=\"elementor-widget-container\">\n\t\t\t\t\t<h3 class=\"elementor-heading-title elementor-size-default\">\u00bfQu\u00e9 es el Neurocoaching?<\/h3>\t\t\t\t<\/div>\n\t\t\t\t<\/div>\n\t\t\t\t<div class=\"elementor-element elementor-element-5d48c9e elementor-widget elementor-widget-text-editor\" data-id=\"5d48c9e\" data-element_type=\"widget\" data-widget_type=\"text-editor.default\">\n\t\t\t\t<div class=\"elementor-widget-container\">\n\t\t\t\t\t\t\t\t\t<p><strong>INSTITUTO DE NEUROLIDERAZGO BRASILE\u00d1O<\/strong><\/p>\t\t\t\t\t\t\t\t<\/div>\n\t\t\t\t<\/div>\n\t\t\t\t<div class=\"elementor-element elementor-element-1314f3c elementor-widget elementor-widget-heading\" data-id=\"1314f3c\" data-element_type=\"widget\" data-widget_type=\"heading.default\">\n\t\t\t\t<div class=\"elementor-widget-container\">\n\t\t\t\t\t<h6 class=\"elementor-heading-title elementor-size-default\">FACILITA EL CAMBIO POSITIVO A TRAV\u00c9S DEL DESARROLLO DE LA CALIDAD DEL PENSAMIENTO<\/h6>\t\t\t\t<\/div>\n\t\t\t\t<\/div>\n\t\t\t\t<div class=\"elementor-element elementor-element-5236828 elementor-widget elementor-widget-text-editor\" data-id=\"5236828\" data-element_type=\"widget\" data-widget_type=\"text-editor.default\">\n\t\t\t\t<div class=\"elementor-widget-container\">\n\t\t\t\t\t\t\t\t\t<p class=\"translation-block\">La <strong>metodolog\u00eda de Coaching de Resultados (NeuroCoaching) \u00ae del Grupo de NeuroLiderazgo se basa en principios de la neurociencia sobre el funcionamiento del cerebro y la relaci\u00f3n entre la cognici\u00f3n y la emoci\u00f3n para su \u00f3ptimo funcionamiento, en particular en procesos como el aprendizaje, la toma de decisiones, la resoluci\u00f3n de problemas, la resoluci\u00f3n\u00ae de conflictos, el establecimiento de metas, el dominio emocional, la creatividad y otros.<\/strong><\/p><p class=\"translation-block\">El modelo, basado en la <strong>Neurociencia,<\/strong> fue desarrollado inicialmente por el fundador David Rock y <strong>se ha ido mejorando a lo largo de los a\u00f1os, en colaboraci\u00f3n con neurocient\u00edficos y universidades a trav\u00e9s del NeuroLeadership Institute, tambi\u00e9n fundado por David Rock.<\/strong><\/p><p><br \/>Esto hace que el NeuroCoaching\u00ae sea m\u00e1s efectivo (m\u00e1s resultados) y m\u00e1s eficiente (en menos tiempo) que otras metodolog\u00edas de coaching, que utilizan enfoques de diferentes \u00e1reas, sin investigaci\u00f3n cient\u00edfica que valide su desempe\u00f1o.<\/p><p>La oficina regional de NLG en Brasil pertenece al Grupo Fellipelli. A trav\u00e9s de esta asociaci\u00f3n, difunde y ofrece una formaci\u00f3n de coaching fiable, basada en estudios de neurociencia y acreditada ante la Federaci\u00f3n Internacional de Coaching, con un enfoque en el desarrollo continuo de su comunidad de coachs.<\/p>\t\t\t\t\t\t\t\t<\/div>\n\t\t\t\t<\/div>\n\t\t\t\t\t<\/div>\n\t\t<\/div>\n\t\t\t\t<div class=\"elementor-column elementor-col-50 elementor-top-column elementor-element elementor-element-5cea1c3 elementor-hidden-mobile\" data-id=\"5cea1c3\" data-element_type=\"column\">\n\t\t\t<div class=\"elementor-widget-wrap elementor-element-populated\">\n\t\t\t\t\t\t<div class=\"elementor-element elementor-element-a56ae39 elementor-widget-divider--view-line elementor-widget elementor-widget-divider\" data-id=\"a56ae39\" data-element_type=\"widget\" data-widget_type=\"divider.default\">\n\t\t\t\t<div class=\"elementor-widget-container\">\n\t\t\t\t\t\t\t<div class=\"elementor-divider\">\n\t\t\t<span class=\"elementor-divider-separator\">\n\t\t\t\t\t\t<\/span>\n\t\t<\/div>\n\t\t\t\t\t\t<\/div>\n\t\t\t\t<\/div>\n\t\t\t\t<div class=\"elementor-element elementor-element-5991475 elementor-icon-list--layout-traditional elementor-list-item-link-full_width elementor-widget elementor-widget-icon-list\" data-id=\"5991475\" data-element_type=\"widget\" data-widget_type=\"icon-list.default\">\n\t\t\t\t<div class=\"elementor-widget-container\">\n\t\t\t\t\t\t\t<ul class=\"elementor-icon-list-items\">\n\t\t\t\t\t\t\t<li class=\"elementor-icon-list-item\">\n\t\t\t\t\t\t\t\t\t\t\t<a href=\"https:\/\/luminacoach.com.br\/es\/home\/\">\n\n\t\t\t\t\t\t\t\t\t\t\t<span class=\"elementor-icon-list-text\">Home<\/span>\n\t\t\t\t\t\t\t\t\t\t\t<\/a>\n\t\t\t\t\t\t\t\t\t<\/li>\n\t\t\t\t\t\t\t\t<li class=\"elementor-icon-list-item\">\n\t\t\t\t\t\t\t\t\t\t\t<a href=\"https:\/\/luminacoach.com.br\/es\/coaching\/\">\n\n\t\t\t\t\t\t\t\t\t\t\t<span class=\"elementor-icon-list-text\">\u00bfQu\u00e9 es el Coaching?<\/span>\n\t\t\t\t\t\t\t\t\t\t\t<\/a>\n\t\t\t\t\t\t\t\t\t<\/li>\n\t\t\t\t\t\t\t\t<li class=\"elementor-icon-list-item\">\n\t\t\t\t\t\t\t\t\t\t\t<a href=\"https:\/\/luminacoach.com.br\/es\/blog\/\">\n\n\t\t\t\t\t\t\t\t\t\t\t<span class=\"elementor-icon-list-text\">Blog<\/span>\n\t\t\t\t\t\t\t\t\t\t\t<\/a>\n\t\t\t\t\t\t\t\t\t<\/li>\n\t\t\t\t\t\t<\/ul>\n\t\t\t\t\t\t<\/div>\n\t\t\t\t<\/div>\n\t\t\t\t\t<\/div>\n\t\t<\/div>\n\t\t\t\t\t<\/div>\n\t\t<\/section>\n\t\t\t\t<section class=\"elementor-section elementor-top-section elementor-element elementor-element-e577ba0 elementor-section-boxed elementor-section-height-default elementor-section-height-default\" data-id=\"e577ba0\" data-element_type=\"section\">\n\t\t\t\t\t\t<div class=\"elementor-container elementor-column-gap-default\">\n\t\t\t\t\t<div class=\"elementor-column elementor-col-100 elementor-top-column elementor-element elementor-element-e878e6e\" data-id=\"e878e6e\" data-element_type=\"column\">\n\t\t\t<div class=\"elementor-widget-wrap elementor-element-populated\">\n\t\t\t\t\t\t<div class=\"elementor-element elementor-element-03d4601 elementor-widget-divider--view-line elementor-widget elementor-widget-divider\" data-id=\"03d4601\" data-element_type=\"widget\" data-widget_type=\"divider.default\">\n\t\t\t\t<div class=\"elementor-widget-container\">\n\t\t\t\t\t\t\t<div class=\"elementor-divider\">\n\t\t\t<span class=\"elementor-divider-separator\">\n\t\t\t\t\t\t<\/span>\n\t\t<\/div>\n\t\t\t\t\t\t<\/div>\n\t\t\t\t<\/div>\n\t\t\t\t<div class=\"elementor-element elementor-element-429a735 elementor-widget elementor-widget-menu-anchor\" data-id=\"429a735\" data-element_type=\"widget\" data-widget_type=\"menu-anchor.default\">\n\t\t\t\t<div class=\"elementor-widget-container\">\n\t\t\t\t\t\t\t<div class=\"elementor-menu-anchor\" id=\"contato\"><\/div>\n\t\t\t\t\t\t<\/div>\n\t\t\t\t<\/div>\n\t\t\t\t\t<\/div>\n\t\t<\/div>\n\t\t\t\t\t<\/div>\n\t\t<\/section>\n\t\t\t\t<section class=\"elementor-section elementor-top-section elementor-element elementor-element-1b95998 elementor-section-boxed elementor-section-height-default elementor-section-height-default\" data-id=\"1b95998\" data-element_type=\"section\" data-settings=\"{&quot;background_background&quot;:&quot;classic&quot;}\">\n\t\t\t\t\t\t<div class=\"elementor-container elementor-column-gap-default\">\n\t\t\t\t\t<div class=\"elementor-column elementor-col-50 elementor-top-column elementor-element elementor-element-828d600\" data-id=\"828d600\" data-element_type=\"column\">\n\t\t\t<div class=\"elementor-widget-wrap elementor-element-populated\">\n\t\t\t\t\t\t<div class=\"elementor-element elementor-element-6bc62de elementor-widget elementor-widget-heading\" data-id=\"6bc62de\" data-element_type=\"widget\" data-widget_type=\"heading.default\">\n\t\t\t\t<div class=\"elementor-widget-container\">\n\t\t\t\t\t<h2 class=\"elementor-heading-title elementor-size-default\">\u00bfHablemos?<\/h2>\t\t\t\t<\/div>\n\t\t\t\t<\/div>\n\t\t\t\t\t<\/div>\n\t\t<\/div>\n\t\t\t\t<div class=\"elementor-column elementor-col-50 elementor-top-column elementor-element elementor-element-1ca4f3e\" data-id=\"1ca4f3e\" data-element_type=\"column\">\n\t\t\t<div class=\"elementor-widget-wrap elementor-element-populated\">\n\t\t\t\t\t\t<div class=\"elementor-element elementor-element-aa0c47b elementor-widget elementor-widget-html\" data-id=\"aa0c47b\" data-element_type=\"widget\" data-widget_type=\"html.default\">\n\t\t\t\t<div class=\"elementor-widget-container\">\n\t\t\t\t\t<div class=\"forminator-ui forminator-custom-form forminator-custom-form-1619 forminator-design--material  forminator_ajax\" data-forminator-render=\"0\" data-form=\"forminator-module-1619\" data-uid=\"69ea4a0438c21\"><br\/><\/div><form\n\t\t\t\tid=\"forminator-module-1619\"\n\t\t\t\tclass=\"forminator-ui forminator-custom-form forminator-custom-form-1619 forminator-design--material  forminator_ajax\"\n\t\t\t\tmethod=\"post\"\n\t\t\t\tdata-forminator-render=\"0\"\n\t\t\t\tdata-form-id=\"1619\"\n\t\t\t\t data-color-option=\"default\" data-design=\"material\" data-grid=\"open\" style=\"display: none;\"\n\t\t\t\tdata-uid=\"69ea4a0438c21\" action=\"\"\n\t\t\t><div role=\"alert\" aria-live=\"polite\" class=\"forminator-response-message forminator-error\" aria-hidden=\"true\"><\/div><div class=\"forminator-row\"><div id=\"name-1\" class=\"forminator-field-name forminator-col forminator-col-12\"><div class=\"forminator-field\"><label for=\"forminator-field-name-1_69ea4a0438c21\" id=\"forminator-field-name-1_69ea4a0438c21-label\" class=\"forminator-label\">Nombre <span class=\"forminator-required\">*<\/span><\/label><input type=\"text\" name=\"name-1\" value=\"\" placeholder=\"Nombre\" id=\"forminator-field-name-1_69ea4a0438c21\" class=\"forminator-input forminator-name--field\" aria-required=\"true\" autocomplete=\"name\" \/><\/div><\/div><\/div><div class=\"forminator-row\"><div id=\"email-1\" class=\"forminator-field-email forminator-col forminator-col-6\"><div class=\"forminator-field\"><label for=\"forminator-field-email-1_69ea4a0438c21\" id=\"forminator-field-email-1_69ea4a0438c21-label\" class=\"forminator-label\">E-mail <span class=\"forminator-required\">*<\/span><\/label><input type=\"email\" name=\"email-1\" value=\"\" placeholder=\"E.x. john@doe.com\" id=\"forminator-field-email-1_69ea4a0438c21\" class=\"forminator-input forminator-email--field\" data-required=\"true\" aria-required=\"true\" autocomplete=\"email\" \/><\/div><\/div><div id=\"phone-1\" class=\"forminator-field-phone forminator-col forminator-col-6\"><div class=\"forminator-field\"><label for=\"forminator-field-phone-1_69ea4a0438c21\" id=\"forminator-field-phone-1_69ea4a0438c21-label\" class=\"forminator-label\">Tel\u00e9fono m\u00f3vil<\/label><input type=\"text\" name=\"phone-1\" value=\"\" placeholder=\"Tel\u00e9fono m\u00f3vil\" id=\"forminator-field-phone-1_69ea4a0438c21\" class=\"forminator-input forminator-field--phone\" data-required=\"\" aria-required=\"false\" autocomplete=\"off\" \/><\/div><\/div><\/div><div class=\"forminator-row\"><div id=\"textarea-1\" class=\"forminator-field-textarea forminator-col forminator-col-12\"><div class=\"forminator-field\"><label for=\"forminator-field-textarea-1_69ea4a0438c21\" id=\"forminator-field-textarea-1_69ea4a0438c21-label\" class=\"forminator-label\">Mensaje<\/label><textarea name=\"textarea-1\" placeholder=\"Mensaje\" id=\"forminator-field-textarea-1_69ea4a0438c21\" class=\"forminator-textarea\" rows=\"6\" style=\"min-height:140px;\" maxlength=\"180\" ><\/textarea><span id=\"forminator-field-textarea-1_69ea4a0438c21-description\" class=\"forminator-description\"><span data-limit=\"180\" data-type=\"characters\" data-editor=\"\">0 \/ 180<\/span><\/span><\/div><\/div><\/div><div class=\"forminator-row\"><div id=\"captcha-1\" class=\"forminator-field-captcha forminator-col forminator-col-12\"><div class=\"forminator-captcha-left forminator-g-recaptcha recaptcha-invisible\" data-theme=\"light\" data-badge=\"inline\" data-sitekey=\"6Lcch4InAAAAALS8zRskpX1QFaVuh9yavczzp32Y\" data-size=\"invisible\"><\/div> <\/div><\/div><input type=\"hidden\" name=\"referer_url\" value=\"\" \/><div class=\"forminator-row forminator-row-last\"><div class=\"forminator-col\"><div class=\"forminator-field\"><button class=\"forminator-button forminator-button-submit\"><span>Enviar Mensaje<\/span><span aria-hidden=\"true\"><\/span><\/button><\/div><\/div><\/div><input type=\"hidden\" id=\"forminator_nonce\" name=\"forminator_nonce\" value=\"316b6a7a70\" \/><input type=\"hidden\" name=\"_wp_http_referer\" value=\"\/es\/wp-json\/wp\/v2\/pages\/1207\" \/><input type=\"hidden\" name=\"form_id\" value=\"1619\"><input type=\"hidden\" name=\"page_id\" value=\"1207\"><input type=\"hidden\" name=\"form_type\" value=\"default\"><input type=\"hidden\" name=\"current_url\" value=\"https:\/\/luminacoach.com.br\/es\/neurocoaching\/\"><input type=\"hidden\" name=\"render_id\" value=\"0\"><input type=\"hidden\" name=\"action\" value=\"forminator_submit_form_custom-forms\"><input type=\"hidden\" name=\"trp-form-language\" value=\"es\"\/><\/form>\t\t\t\t<\/div>\n\t\t\t\t<\/div>\n\t\t\t\t\t<\/div>\n\t\t<\/div>\n\t\t\t\t\t<\/div>\n\t\t<\/section>\n\t\t\t\t<\/div>","protected":false},"excerpt":{"rendered":"<p>Neurocoaching O que \u00e9 Neurocoaching? NEUROLEADERSHIP INSTITUTE BRASIL FACILITA A MUDAN\u00c7A POSITIVA ATRAV\u00c9S DO DESENVOLVIMENTO DA QUALIDADE DO PENSAMENTO A metodologia Results Coaching Systems\u00ae (NeuroCoaching\u00ae) do NeuroLeadership Group baseia-se em princ\u00edpios da neuroci\u00eancia sobre o funcionamento do c\u00e9rebro e sobre a rela\u00e7\u00e3o entre cogni\u00e7\u00e3o e emo\u00e7\u00e3o para seu funcionamento ideal, em particular em processos como&#8230;<\/p>","protected":false},"author":1,"featured_media":0,"parent":0,"menu_order":0,"comment_status":"closed","ping_status":"closed","template":"elementor_header_footer","meta":{"_kad_post_transparent":"","_kad_post_title":"hide","_kad_post_layout":"normal","_kad_post_sidebar_id":"","_kad_post_content_style":"unboxed","_kad_post_vertical_padding":"hide","_kad_post_feature":"hide","_kad_post_feature_position":"","_kad_post_header":false,"_kad_post_footer":false,"footnotes":""},"class_list":["post-1207","page","type-page","status-publish","hentry"],"yoast_head":"<!-- This site is optimized with the Yoast SEO plugin v27.2 - https:\/\/yoast.com\/product\/yoast-seo-wordpress\/ -->\n<title>Neurocoaching - Lumina Coach<\/title>\n<meta name=\"robots\" content=\"index, follow, max-snippet:-1, max-image-preview:large, max-video-preview:-1\" \/>\n<link rel=\"canonical\" href=\"https:\/\/luminacoach.com.br\/es\/neurocoaching\/\" \/>\n<meta property=\"og:locale\" content=\"es_ES\" \/>\n<meta property=\"og:type\" content=\"article\" \/>\n<meta property=\"og:title\" content=\"Neurocoaching - Lumina Coach\" \/>\n<meta property=\"og:description\" content=\"Neurocoaching O que \u00e9 Neurocoaching? NEUROLEADERSHIP INSTITUTE BRASIL FACILITA A MUDAN\u00c7A POSITIVA ATRAV\u00c9S DO DESENVOLVIMENTO DA QUALIDADE DO PENSAMENTO A metodologia Results Coaching Systems\u00ae (NeuroCoaching\u00ae) do NeuroLeadership Group baseia-se em princ\u00edpios da neuroci\u00eancia sobre o funcionamento do c\u00e9rebro e sobre a rela\u00e7\u00e3o entre cogni\u00e7\u00e3o e emo\u00e7\u00e3o para seu funcionamento ideal, em particular em processos como...\" \/>\n<meta property=\"og:url\" content=\"https:\/\/luminacoach.com.br\/es\/neurocoaching\/\" \/>\n<meta property=\"og:site_name\" content=\"Lumina Coach\" \/>\n<meta property=\"article:publisher\" content=\"https:\/\/www.facebook.com\/coach.lumina\/\" \/>\n<meta property=\"article:modified_time\" content=\"2023-08-04T22:50:52+00:00\" \/>\n<meta name=\"twitter:card\" content=\"summary_large_image\" \/>\n<meta name=\"twitter:label1\" content=\"Tiempo de lectura\" \/>\n\t<meta name=\"twitter:data1\" content=\"1 minuto\" \/>\n<script type=\"application\/ld+json\" class=\"yoast-schema-graph\">{\"@context\":\"https:\/\/schema.org\",\"@graph\":[{\"@type\":\"WebPage\",\"@id\":\"https:\/\/luminacoach.com.br\/neurocoaching\/\",\"url\":\"https:\/\/luminacoach.com.br\/neurocoaching\/\",\"name\":\"Neurocoaching - Lumina Coach\",\"isPartOf\":{\"@id\":\"https:\/\/luminacoach.com.br\/#website\"},\"datePublished\":\"2020-10-20T20:38:53+00:00\",\"dateModified\":\"2023-08-04T22:50:52+00:00\",\"breadcrumb\":{\"@id\":\"https:\/\/luminacoach.com.br\/neurocoaching\/#breadcrumb\"},\"inLanguage\":\"es\",\"potentialAction\":[{\"@type\":\"ReadAction\",\"target\":[\"https:\/\/luminacoach.com.br\/neurocoaching\/\"]}]},{\"@type\":\"BreadcrumbList\",\"@id\":\"https:\/\/luminacoach.com.br\/neurocoaching\/#breadcrumb\",\"itemListElement\":[{\"@type\":\"ListItem\",\"position\":1,\"name\":\"In\u00edcio\",\"item\":\"https:\/\/luminacoach.com.br\/\"},{\"@type\":\"ListItem\",\"position\":2,\"name\":\"Neurocoaching\"}]},{\"@type\":\"WebSite\",\"@id\":\"https:\/\/luminacoach.com.br\/#website\",\"url\":\"https:\/\/luminacoach.com.br\/\",\"name\":\"Lumina Coach\",\"description\":\"Consultoria Empresarial e Coach Executivo\",\"publisher\":{\"@id\":\"https:\/\/luminacoach.com.br\/#organization\"},\"potentialAction\":[{\"@type\":\"SearchAction\",\"target\":{\"@type\":\"EntryPoint\",\"urlTemplate\":\"https:\/\/luminacoach.com.br\/?s={search_term_string}\"},\"query-input\":{\"@type\":\"PropertyValueSpecification\",\"valueRequired\":true,\"valueName\":\"search_term_string\"}}],\"inLanguage\":\"es\"},{\"@type\":\"Organization\",\"@id\":\"https:\/\/luminacoach.com.br\/#organization\",\"name\":\"Lumina Coach\",\"url\":\"https:\/\/luminacoach.com.br\/\",\"logo\":{\"@type\":\"ImageObject\",\"inLanguage\":\"es\",\"@id\":\"https:\/\/luminacoach.com.br\/#\/schema\/logo\/image\/\",\"url\":\"https:\/\/luminacoach.com.br\/wp-content\/uploads\/2018\/04\/logo-dark.png\",\"contentUrl\":\"https:\/\/luminacoach.com.br\/wp-content\/uploads\/2018\/04\/logo-dark.png\",\"width\":422,\"height\":70,\"caption\":\"Lumina Coach\"},\"image\":{\"@id\":\"https:\/\/luminacoach.com.br\/#\/schema\/logo\/image\/\"},\"sameAs\":[\"https:\/\/www.facebook.com\/coach.lumina\/\",\"https:\/\/www.linkedin.com\/company\/coach-lumina\"]}]}<\/script>\n<!-- \/ Yoast SEO plugin. -->","yoast_head_json":{"title":"Neurocoaching - Lumina Coach","robots":{"index":"index","follow":"follow","max-snippet":"max-snippet:-1","max-image-preview":"max-image-preview:large","max-video-preview":"max-video-preview:-1"},"canonical":"https:\/\/luminacoach.com.br\/es\/neurocoaching\/","og_locale":"es_ES","og_type":"article","og_title":"Neurocoaching - Lumina Coach","og_description":"Neurocoaching O que \u00e9 Neurocoaching? NEUROLEADERSHIP INSTITUTE BRASIL FACILITA A MUDAN\u00c7A POSITIVA ATRAV\u00c9S DO DESENVOLVIMENTO DA QUALIDADE DO PENSAMENTO A metodologia Results Coaching Systems\u00ae (NeuroCoaching\u00ae) do NeuroLeadership Group baseia-se em princ\u00edpios da neuroci\u00eancia sobre o funcionamento do c\u00e9rebro e sobre a rela\u00e7\u00e3o entre cogni\u00e7\u00e3o e emo\u00e7\u00e3o para seu funcionamento ideal, em particular em processos como...","og_url":"https:\/\/luminacoach.com.br\/es\/neurocoaching\/","og_site_name":"Lumina Coach","article_publisher":"https:\/\/www.facebook.com\/coach.lumina\/","article_modified_time":"2023-08-04T22:50:52+00:00","twitter_card":"summary_large_image","twitter_misc":{"Tiempo de lectura":"1 minuto"},"schema":{"@context":"https:\/\/schema.org","@graph":[{"@type":"WebPage","@id":"https:\/\/luminacoach.com.br\/neurocoaching\/","url":"https:\/\/luminacoach.com.br\/neurocoaching\/","name":"Neurocoaching - Lumina Coach","isPartOf":{"@id":"https:\/\/luminacoach.com.br\/#website"},"datePublished":"2020-10-20T20:38:53+00:00","dateModified":"2023-08-04T22:50:52+00:00","breadcrumb":{"@id":"https:\/\/luminacoach.com.br\/neurocoaching\/#breadcrumb"},"inLanguage":"es","potentialAction":[{"@type":"ReadAction","target":["https:\/\/luminacoach.com.br\/neurocoaching\/"]}]},{"@type":"BreadcrumbList","@id":"https:\/\/luminacoach.com.br\/neurocoaching\/#breadcrumb","itemListElement":[{"@type":"ListItem","position":1,"name":"In\u00edcio","item":"https:\/\/luminacoach.com.br\/"},{"@type":"ListItem","position":2,"name":"Neurocoaching"}]},{"@type":"WebSite","@id":"https:\/\/luminacoach.com.br\/#website","url":"https:\/\/luminacoach.com.br\/","name":"Lumina Coach","description":"Consultoria Empresarial e Coach Executivo","publisher":{"@id":"https:\/\/luminacoach.com.br\/#organization"},"potentialAction":[{"@type":"SearchAction","target":{"@type":"EntryPoint","urlTemplate":"https:\/\/luminacoach.com.br\/?s={search_term_string}"},"query-input":{"@type":"PropertyValueSpecification","valueRequired":true,"valueName":"search_term_string"}}],"inLanguage":"es"},{"@type":"Organization","@id":"https:\/\/luminacoach.com.br\/#organization","name":"Lumina Coach","url":"https:\/\/luminacoach.com.br\/","logo":{"@type":"ImageObject","inLanguage":"es","@id":"https:\/\/luminacoach.com.br\/#\/schema\/logo\/image\/","url":"https:\/\/luminacoach.com.br\/wp-content\/uploads\/2018\/04\/logo-dark.png","contentUrl":"https:\/\/luminacoach.com.br\/wp-content\/uploads\/2018\/04\/logo-dark.png","width":422,"height":70,"caption":"Lumina Coach"},"image":{"@id":"https:\/\/luminacoach.com.br\/#\/schema\/logo\/image\/"},"sameAs":["https:\/\/www.facebook.com\/coach.lumina\/","https:\/\/www.linkedin.com\/company\/coach-lumina"]}]}},"_links":{"self":[{"href":"https:\/\/luminacoach.com.br\/es\/wp-json\/wp\/v2\/pages\/1207","targetHints":{"allow":["GET"]}}],"collection":[{"href":"https:\/\/luminacoach.com.br\/es\/wp-json\/wp\/v2\/pages"}],"about":[{"href":"https:\/\/luminacoach.com.br\/es\/wp-json\/wp\/v2\/types\/page"}],"author":[{"embeddable":true,"href":"https:\/\/luminacoach.com.br\/es\/wp-json\/wp\/v2\/users\/1"}],"replies":[{"embeddable":true,"href":"https:\/\/luminacoach.com.br\/es\/wp-json\/wp\/v2\/comments?post=1207"}],"version-history":[{"count":138,"href":"https:\/\/luminacoach.com.br\/es\/wp-json\/wp\/v2\/pages\/1207\/revisions"}],"predecessor-version":[{"id":1899,"href":"https:\/\/luminacoach.com.br\/es\/wp-json\/wp\/v2\/pages\/1207\/revisions\/1899"}],"wp:attachment":[{"href":"https:\/\/luminacoach.com.br\/es\/wp-json\/wp\/v2\/media?parent=1207"}],"curies":[{"name":"wp","href":"https:\/\/api.w.org\/{rel}","templated":true}]}}